{"id":2134,"date":"2017-04-06T16:32:31","date_gmt":"2017-04-06T19:32:31","guid":{"rendered":"https:\/\/veritaz.com.br\/veritaz\/"},"modified":"2023-03-28T18:19:54","modified_gmt":"2023-03-28T21:19:54","slug":"veritaz","status":"publish","type":"page","link":"https:\/\/veritaz.com.br\/en\/","title":{"rendered":"Veritaz"},"content":{"rendered":"<div id=\"cs-content\" class=\"cs-content\"><\/div>\n","protected":false},"excerpt":{"rendered":"<p>Home About Us Services Consulting Training Content eBooks Articles Blog Store Contact Risk Management and Compliance Building safe and upstanding organizations Specialized Consulting Corporate risks, compliance, integrity and ESG are our specialities Compliance &#038; Integrity Program Corporate Risk Analysis and Management ESG Strategy Creation and Implementation Diagnostics, Audits and Monitoring Whistleblowing Channel FIND OUT MORETransformational Training Navigate the gray areas &#8230;<\/p>\n","protected":false},"author":1,"featured_media":0,"parent":0,"menu_order":0,"comment_status":"closed","ping_status":"closed","template":"template-blank-5.php","meta":{"footnotes":""},"class_list":["post-2134","page","type-page","status-publish","hentry","no-post-thumbnail"],"yoast_head":"<!-- This site is optimized with the Yoast SEO plugin v27.2 - https:\/\/yoast.com\/product\/yoast-seo-wordpress\/ -->\n<title>Veritaz | Gest\u00e3o de Riscos, Compliance e Anticorrup\u00e7\u00e3o<\/title>\n<meta name=\"description\" content=\"A Veritaz atua nas \u00e1reas de gest\u00e3o de riscos, compliance e anticorrup\u00e7\u00e3o. Assessoramos organiza\u00e7\u00f5es e grupos empresariais de diversos segmentos.\" \/>\n<meta name=\"robots\" content=\"index, follow, max-snippet:-1, max-image-preview:large, max-video-preview:-1\" \/>\n<link rel=\"canonical\" href=\"https:\/\/veritaz.com.br\/en\/veritaz\/\" \/>\n<meta property=\"og:locale\" content=\"en_US\" \/>\n<meta property=\"og:type\" content=\"article\" \/>\n<meta property=\"og:title\" content=\"Veritaz | Gest\u00e3o de Riscos, Compliance e Anticorrup\u00e7\u00e3o\" \/>\n<meta property=\"og:description\" content=\"A Veritaz atua nas \u00e1reas de gest\u00e3o de riscos, compliance e anticorrup\u00e7\u00e3o. Assessoramos organiza\u00e7\u00f5es e grupos empresariais de diversos segmentos.\" \/>\n<meta property=\"og:url\" content=\"https:\/\/veritaz.com.br\/en\/veritaz\/\" \/>\n<meta property=\"og:site_name\" content=\"Veritaz\" \/>\n<meta property=\"article:modified_time\" content=\"2023-03-28T21:19:54+00:00\" \/>\n<meta property=\"og:image\" content=\"http:\/\/veritaz.com.br\/wp-content\/uploads\/2017\/04\/logo_bild_branco.png\" \/>\n<meta name=\"twitter:card\" content=\"summary_large_image\" \/>\n<meta name=\"twitter:label1\" content=\"Est. reading time\" \/>\n\t<meta name=\"twitter:data1\" content=\"9 minutes\" \/>\n<script type=\"application\/ld+json\" class=\"yoast-schema-graph\">{\"@context\":\"https:\/\/schema.org\",\"@graph\":[{\"@type\":\"WebPage\",\"@id\":\"https:\/\/veritaz.com.br\/en\/veritaz\/\",\"url\":\"https:\/\/veritaz.com.br\/en\/veritaz\/\",\"name\":\"Veritaz | Gest\u00e3o de Riscos, Compliance e Anticorrup\u00e7\u00e3o\",\"isPartOf\":{\"@id\":\"https:\/\/veritaz.com.br\/#website\"},\"primaryImageOfPage\":{\"@id\":\"https:\/\/veritaz.com.br\/en\/veritaz\/#primaryimage\"},\"image\":{\"@id\":\"https:\/\/veritaz.com.br\/en\/veritaz\/#primaryimage\"},\"thumbnailUrl\":\"http:\/\/veritaz.com.br\/wp-content\/uploads\/2017\/04\/logo_bild_branco.png\",\"datePublished\":\"2017-04-06T19:32:31+00:00\",\"dateModified\":\"2023-03-28T21:19:54+00:00\",\"description\":\"A Veritaz atua nas \u00e1reas de gest\u00e3o de riscos, compliance e anticorrup\u00e7\u00e3o. Assessoramos organiza\u00e7\u00f5es e grupos empresariais de diversos segmentos.\",\"breadcrumb\":{\"@id\":\"https:\/\/veritaz.com.br\/en\/veritaz\/#breadcrumb\"},\"inLanguage\":\"en-US\",\"potentialAction\":[{\"@type\":\"ReadAction\",\"target\":[\"https:\/\/veritaz.com.br\/en\/veritaz\/\"]}]},{\"@type\":\"ImageObject\",\"inLanguage\":\"en-US\",\"@id\":\"https:\/\/veritaz.com.br\/en\/veritaz\/#primaryimage\",\"url\":\"http:\/\/veritaz.com.br\/wp-content\/uploads\/2017\/04\/logo_bild_branco.png\",\"contentUrl\":\"http:\/\/veritaz.com.br\/wp-content\/uploads\/2017\/04\/logo_bild_branco.png\"},{\"@type\":\"BreadcrumbList\",\"@id\":\"https:\/\/veritaz.com.br\/en\/veritaz\/#breadcrumb\",\"itemListElement\":[{\"@type\":\"ListItem\",\"position\":1,\"name\":\"In\u00edcio\",\"item\":\"https:\/\/veritaz.com.br\/en\/veritaz\/\"},{\"@type\":\"ListItem\",\"position\":2,\"name\":\"Veritaz\"}]},{\"@type\":\"WebSite\",\"@id\":\"https:\/\/veritaz.com.br\/#website\",\"url\":\"https:\/\/veritaz.com.br\/\",\"name\":\"Veritaz\",\"description\":\"Gest\u00e3o de Riscos &amp; Compliance\",\"potentialAction\":[{\"@type\":\"SearchAction\",\"target\":{\"@type\":\"EntryPoint\",\"urlTemplate\":\"https:\/\/veritaz.com.br\/?s={search_term_string}\"},\"query-input\":{\"@type\":\"PropertyValueSpecification\",\"valueRequired\":true,\"valueName\":\"search_term_string\"}}],\"inLanguage\":\"en-US\"}]}<\/script>\n<!-- \/ Yoast SEO plugin. -->","yoast_head_json":{"title":"Veritaz | Gest\u00e3o de Riscos, Compliance e Anticorrup\u00e7\u00e3o","description":"A Veritaz atua nas \u00e1reas de gest\u00e3o de riscos, compliance e anticorrup\u00e7\u00e3o. Assessoramos organiza\u00e7\u00f5es e grupos empresariais de diversos segmentos.","robots":{"index":"index","follow":"follow","max-snippet":"max-snippet:-1","max-image-preview":"max-image-preview:large","max-video-preview":"max-video-preview:-1"},"canonical":"https:\/\/veritaz.com.br\/en\/veritaz\/","og_locale":"en_US","og_type":"article","og_title":"Veritaz | Gest\u00e3o de Riscos, Compliance e Anticorrup\u00e7\u00e3o","og_description":"A Veritaz atua nas \u00e1reas de gest\u00e3o de riscos, compliance e anticorrup\u00e7\u00e3o. Assessoramos organiza\u00e7\u00f5es e grupos empresariais de diversos segmentos.","og_url":"https:\/\/veritaz.com.br\/en\/veritaz\/","og_site_name":"Veritaz","article_modified_time":"2023-03-28T21:19:54+00:00","og_image":[{"url":"http:\/\/veritaz.com.br\/wp-content\/uploads\/2017\/04\/logo_bild_branco.png","type":"","width":"","height":""}],"twitter_card":"summary_large_image","twitter_misc":{"Est. reading time":"9 minutes"},"schema":{"@context":"https:\/\/schema.org","@graph":[{"@type":"WebPage","@id":"https:\/\/veritaz.com.br\/en\/veritaz\/","url":"https:\/\/veritaz.com.br\/en\/veritaz\/","name":"Veritaz | Gest\u00e3o de Riscos, Compliance e Anticorrup\u00e7\u00e3o","isPartOf":{"@id":"https:\/\/veritaz.com.br\/#website"},"primaryImageOfPage":{"@id":"https:\/\/veritaz.com.br\/en\/veritaz\/#primaryimage"},"image":{"@id":"https:\/\/veritaz.com.br\/en\/veritaz\/#primaryimage"},"thumbnailUrl":"http:\/\/veritaz.com.br\/wp-content\/uploads\/2017\/04\/logo_bild_branco.png","datePublished":"2017-04-06T19:32:31+00:00","dateModified":"2023-03-28T21:19:54+00:00","description":"A Veritaz atua nas \u00e1reas de gest\u00e3o de riscos, compliance e anticorrup\u00e7\u00e3o. Assessoramos organiza\u00e7\u00f5es e grupos empresariais de diversos segmentos.","breadcrumb":{"@id":"https:\/\/veritaz.com.br\/en\/veritaz\/#breadcrumb"},"inLanguage":"en-US","potentialAction":[{"@type":"ReadAction","target":["https:\/\/veritaz.com.br\/en\/veritaz\/"]}]},{"@type":"ImageObject","inLanguage":"en-US","@id":"https:\/\/veritaz.com.br\/en\/veritaz\/#primaryimage","url":"http:\/\/veritaz.com.br\/wp-content\/uploads\/2017\/04\/logo_bild_branco.png","contentUrl":"http:\/\/veritaz.com.br\/wp-content\/uploads\/2017\/04\/logo_bild_branco.png"},{"@type":"BreadcrumbList","@id":"https:\/\/veritaz.com.br\/en\/veritaz\/#breadcrumb","itemListElement":[{"@type":"ListItem","position":1,"name":"In\u00edcio","item":"https:\/\/veritaz.com.br\/en\/veritaz\/"},{"@type":"ListItem","position":2,"name":"Veritaz"}]},{"@type":"WebSite","@id":"https:\/\/veritaz.com.br\/#website","url":"https:\/\/veritaz.com.br\/","name":"Veritaz","description":"Gest\u00e3o de Riscos &amp; Compliance","potentialAction":[{"@type":"SearchAction","target":{"@type":"EntryPoint","urlTemplate":"https:\/\/veritaz.com.br\/?s={search_term_string}"},"query-input":{"@type":"PropertyValueSpecification","valueRequired":true,"valueName":"search_term_string"}}],"inLanguage":"en-US"}]}},"_links":{"self":[{"href":"https:\/\/veritaz.com.br\/en\/wp-json\/wp\/v2\/pages\/2134","targetHints":{"allow":["GET"]}}],"collection":[{"href":"https:\/\/veritaz.com.br\/en\/wp-json\/wp\/v2\/pages"}],"about":[{"href":"https:\/\/veritaz.com.br\/en\/wp-json\/wp\/v2\/types\/page"}],"author":[{"embeddable":true,"href":"https:\/\/veritaz.com.br\/en\/wp-json\/wp\/v2\/users\/1"}],"replies":[{"embeddable":true,"href":"https:\/\/veritaz.com.br\/en\/wp-json\/wp\/v2\/comments?post=2134"}],"version-history":[{"count":22,"href":"https:\/\/veritaz.com.br\/en\/wp-json\/wp\/v2\/pages\/2134\/revisions"}],"predecessor-version":[{"id":2439,"href":"https:\/\/veritaz.com.br\/en\/wp-json\/wp\/v2\/pages\/2134\/revisions\/2439"}],"wp:attachment":[{"href":"https:\/\/veritaz.com.br\/en\/wp-json\/wp\/v2\/media?parent=2134"}],"curies":[{"name":"wp","href":"https:\/\/api.w.org\/{rel}","templated":true}]}}